{"id":42,"date":"2015-06-30T14:18:15","date_gmt":"2015-06-30T12:18:15","guid":{"rendered":"http:\/\/sviluppo2.apge.it\/?page_id=42"},"modified":"2015-10-09T13:47:16","modified_gmt":"2015-10-09T11:47:16","slug":"lassociazione","status":"publish","type":"page","link":"https:\/\/www.apge.it\/?page_id=42","title":{"rendered":"L&#8217;associazione"},"content":{"rendered":"<div class=\"pagina\">\n<p align=\"justify\">L&#8217; Associazione Padre Gaetano Errico ha sede in Napoli, in Via Dante n. 2\/b. L&#8217;associazione, che non ha scopo di lucro, in collaborazione con i Padri Missionari dei Sacri Cuori persegue le seguenti finalit\u00e0:<\/p>\n<p align=\"justify\">a) promuovere lo sviluppo sociale, tecnico, sanitario e scientifico dei cittadini di ogni Paese, in cui sono presenti i Padri Missionari dei Sacri Cuori (M.SS.CC.);<\/p>\n<p align=\"justify\">b) operare nel settore del volontariato e della solidariet\u00e0 in Italia e all&#8217;estero occupandosi delle attivit\u00e0 di selezione, orientamento, addestramento ed impegno dei volontari. I volontari dell&#8217;Associazione ispirano il proprio operato ai principi e ai valori universali della carit\u00e0 cristiana.<\/p>\n<p align=\"justify\">Per raggiungere tali scopi, l&#8217;Associazione si propone di:<\/p>\n<p align=\"justify\">a) sviluppare il valore sociale e la funzione del volontariato attraverso la promozione, la gestione e il coordinamento di iniziative dirette a sensibilizzare la societ\u00e0 italiana e quella di ogni altro Paese, verso questa forma di solidariet\u00e0;<\/p>\n<p align=\"justify\">b) promuovere, gestire e coordinare in Italia e all&#8217;estero centri di ascolto, di prima accoglienza e di formazione di volontari in campo socio-psicologico, tecnico, scientifico, sanitario ed assistenziale e di primo indirizzo all\u2019inserimento sociale e lavorativo, esaltando i principi morali e culturali del pluralismo, della cooperazione, della giustizia, della pace tra i popoli e di una comunit\u00e0 umana fondata sui valori cristiani;<\/p>\n<p align=\"justify\">c) promuovere, realizzare e gestire nei Paesi in via di sviluppo ed in Italia programmi educativi, culturali e di assistenza agli indigenti ed agli emarginati, in accordo con le autorit\u00e0 locali competenti, finalizzati all&#8217;alfabetizzazione ed al sostegno alimentare anche tramite mense o attivit\u00e0 similari; alla formazione di personale locale; all&#8217;autosviluppo e difesa delle minoranze etniche; ed alle adozioni a distanza, in particolare per i bambini pi\u00f9 emarginati;<\/p>\n<\/div>\n<div class=\"pagina\">\n<p align=\"justify\">d) collaborare con altre ONG (organizzazioni non governative), con Enti pubblici e privati, con societ\u00e0, associazioni, fondazioni, italiane ed estere, in attivit\u00e0 di volontariato, di solidariet\u00e0, di cooperazione internazionale e di educazione allo sviluppo; aderire a finanziamenti previsti dalle organizzazioni internazionali in materia di cooperazione;e) prestare il proprio servizio nelle missioni dei Missionari dei Sacri Cuori, nelle scuole, nei centri di formazione professionale, nei centri di aggregazione, socializzazione ed utilizzo del tempo libero, gruppi di appoggio, consultori;<\/p>\n<p align=\"justify\">f) editare e curare la redazione, la stampa e la diffusione di giornali, riviste, opuscoli, audiovisivi, films; organizzare conferenze, seminari, congressi sul tema della solidariet\u00e0;<\/p>\n<p align=\"justify\">g) organizzare giornate di spiritualit\u00e0, incontri di preghiera e di approfondimento sulla vita e le opere del Beato Gaetano Errico; intraprendere tutte quelle iniziative atte a fare conoscere la sua figura e la sua opera;<\/p>\n<p align=\"justify\">h) istituire borse di studio per la formazione di cittadini di Paesi in via di sviluppo;<\/p>\n<p align=\"justify\">i) operare con il Dipartimento per la Cooperazione e lo Sviluppo del Ministero degli Affari Esteri italiano, attraverso programmi, convenzioni, contratti previsti dalle disposizioni di legge in materia;<\/p>\n<p align=\"justify\">j) promuovere raccolte, sottoscrizioni, elargizioni di fondi da istituzioni pubbliche e private e quanto altro necessario al conseguimento degli scopi sociali;<\/p>\n<p align=\"justify\">k) costituire in Italia e all&#8217;estero centri operativi periferici o sedi al fine di dare maggiore presenza e diffusione ai propri scopi e una armonica distribuzione alle proprie attivit\u00e0.<\/p>\n<p align=\"justify\">L&#8217;associazione opera per l&#8217;esclusivo raggiungimento di finalit\u00e0 di solidariet\u00e0 sociale, svolgendo quindi tutte le attivit\u00e0 ad esse direttamente connesse. L&#8217;associazione, quindi non pu\u00f2 svolgere altre attivit\u00e0 non direttamente collegate o finalizzate al perseguimento di finalit\u00e0 di solidariet\u00e0 sociale.<\/p>\n<\/div>\n<div class=\"pagina\">\n<h4 style=\"text-align: left;\"><span style=\"color: #f1ad26;\">SOCI FONDATORI ASSOCIAZIONE\u00a0\u201c P. GAETANO ERRICO \u201c &#8211; O.N.L.U.S<\/span><\/h4>\n<p>&nbsp;<\/p>\n<h4><strong><span style=\"color: #3b5998;\">LUIGI TOSCANO<\/span><\/strong><\/h4>\n<p>Nato in Trentola &#8211; Ducenta\u00a0(Caserta) il 21 Maggio\u00a01941<br \/>\nResidente in Napoli,\u00a0Via Dante 2,<br \/>\nReligioso.<\/p>\n<h4><strong><span style=\"color: #3b5998;\">PALMIERO ANTONIO<\/span><\/strong><\/h4>\n<p>Nato in Trentola ( Caserta) il 06 Agosto 1936<br \/>\nResidente in Napoli, V.Dante 2\/B<br \/>\nReligioso<\/p>\n<h4><strong><span style=\"color: #3b5998;\">ESPOSITO PATRIZIA<\/span><\/strong><\/h4>\n<p>Nata in Napoli il 02. Ottobre 1962<br \/>\nResidente in Napoli, V. Ernesto Pascal, 38<br \/>\nCasalinga<\/p>\n<h4><strong><span style=\"color: #3b5998;\">ABBATE STEFANO<\/span><\/strong><\/h4>\n<p>Nato a Napoli il 24 Novembre 1954<br \/>\nResidente in Napoli, V.Ortigara,14<br \/>\nAssistente Sanitario<\/p>\n<\/div>\n<div class=\"pagina\">\n<h4><strong><span style=\"color: #3b5998;\">POLI GIOVANNI<\/span><\/strong><\/h4>\n<p>Nato a Portici( Napoli) il 25 Marzo 1945<br \/>\nResidente in Afragola (Napoli), V. S.Maria,9<br \/>\nProfessore<\/p>\n<h4><strong><span style=\"color: #3b5998;\">SCIPPA GIOVANNI<\/span><\/strong><\/h4>\n<p>Nato a Napoli il 04 Marzo 1946<br \/>\nResidente in Napoli, C.so Italia 147<br \/>\nArtigiano<\/p>\n<h4><strong><span style=\"color: #3b5998;\">GUARNACCIA FRANCA<\/span><\/strong><\/h4>\n<p>Nata a Napoli il 04 Ottobre 1950<br \/>\nResidente in Napoli, C.so Italia 132<br \/>\nInsegnante<\/p>\n<h4><strong><span style=\"color: #3b5998;\">TALOTTI PASQUALE<\/span><\/strong><\/h4>\n<p>Nato a Napoli il<br \/>\nResidente in Napoli, V.delle Mimose, 15<br \/>\nImprenditore<\/p>\n<\/div>\n<div class=\"pagina\">\n<h4><\/h4>\n<h4><strong><span style=\"color: #3b5998;\">CRISTIANO STEFANO<\/span><\/strong><\/h4>\n<p>Nato a Napoli il 20 maggio 1950<br \/>\nResidente in Napoli, Corso Italia, 27<br \/>\nPensionato<\/p>\n<h4><strong><span style=\"color: #3b5998;\">CONSIGLIO DIRETTIVO<\/span><\/strong><\/h4>\n<p>LUIGI TOSCANO\u00a0&#8211; presidente<br \/>\nANTONIO PALMIERO &#8211; vicepresidente<br \/>\nSTEFANO CRISTIANO &#8211; segretario<br \/>\nANTONIO CERRITO &#8211; consigliere<br \/>\nPATRIZIA ESPOSITO &#8211; consigliere<br \/>\nPASQUALE TALOTTI &#8211; consigliere<br \/>\nGIOVANNI POLI &#8211; consigliere<br \/>\nSTEFANO ABBATE &#8211; revisore dei conti (pro tempore)<\/p>\n<\/div>\n","protected":false},"excerpt":{"rendered":"<p>L&#8217; Associazione Padre Gaetano Errico ha sede in Napoli, in Via Dante n. 2\/b. L&#8217;associazione, che non ha scopo di lucro, in collaborazione con i Padri Missionari dei Sacri Cuori persegue le seguenti finalit\u00e0: a) promuovere lo sviluppo sociale, tecnico, sanitario e scientifico dei cittadini di ogni Paese, in cui sono presenti i Padri Missionari [&hellip;]<\/p>\n","protected":false},"author":1,"featured_media":0,"parent":0,"menu_order":0,"comment_status":"open","ping_status":"open","template":"","meta":{"ngg_post_thumbnail":0,"footnotes":""},"class_list":["post-42","page","type-page","status-publish","hentry"],"_links":{"self":[{"href":"https:\/\/www.apge.it\/index.php?rest_route=\/wp\/v2\/pages\/42","targetHints":{"allow":["GET"]}}],"collection":[{"href":"https:\/\/www.apge.it\/index.php?rest_route=\/wp\/v2\/pages"}],"about":[{"href":"https:\/\/www.apge.it\/index.php?rest_route=\/wp\/v2\/types\/page"}],"author":[{"embeddable":true,"href":"https:\/\/www.apge.it\/index.php?rest_route=\/wp\/v2\/users\/1"}],"replies":[{"embeddable":true,"href":"https:\/\/www.apge.it\/index.php?rest_route=%2Fwp%2Fv2%2Fcomments&post=42"}],"version-history":[{"count":30,"href":"https:\/\/www.apge.it\/index.php?rest_route=\/wp\/v2\/pages\/42\/revisions"}],"predecessor-version":[{"id":1035,"href":"https:\/\/www.apge.it\/index.php?rest_route=\/wp\/v2\/pages\/42\/revisions\/1035"}],"wp:attachment":[{"href":"https:\/\/www.apge.it\/index.php?rest_route=%2Fwp%2Fv2%2Fmedia&parent=42"}],"curies":[{"name":"wp","href":"https:\/\/api.w.org\/{rel}","templated":true}]}}