{"id":202,"date":"2015-07-30T13:58:08","date_gmt":"2015-07-30T11:58:08","guid":{"rendered":"http:\/\/sviluppo2.apge.it\/?page_id=202"},"modified":"2015-08-06T11:12:13","modified_gmt":"2015-08-06T09:12:13","slug":"progetto-una-famiglia-una-casa","status":"publish","type":"page","link":"https:\/\/www.apge.it\/?page_id=202","title":{"rendered":"Progetto una famiglia una casa"},"content":{"rendered":"<div class=\"pagina\">\n<h4 style=\"text-align: center;\"><span style=\"color: #f1ad26;\">UNA FAMIGLIA UNA CASA<\/span><\/h4>\n<h4 style=\"text-align: center;\"><span style=\"color: #f1ad26;\">PROGETTO PER LA COSTRUZIONE DI CASA<\/span><\/h4>\n<h4 style=\"text-align: center;\"><span style=\"color: #f1ad26;\">MISSIONE DI KUCHIPUDI &#8211; ANDHRA PRADESH &#8211; INDIA<\/span><\/h4>\n<h4 style=\"text-align: center;\"><span style=\"color: #f1ad26;\">MISSIONARI DEI SACRI CUORI<\/span><\/h4>\n<p style=\"text-align: justify;\">Nel 1992 la Chiesa affid\u00f2 ai <strong>Missionari dei Sacri Cuori la Missione di Kuchipudi<\/strong>, una zona dell\u2019Andhra Pradesh, Stato al centro dell\u2019India, costituita da sette villaggi. E\u2019 una zona molto povera, dove manca di tutto e l\u2019unica fonte di guadagno \u00e8 costituita dall\u2019agricoltura, quando la situazione metereologica lo permette, essendo una zona soggetta ad inondazioni.<\/p>\n<p style=\"text-align: justify;\"><strong>\u201cLa nostra presenza ha portato un po\u2019 di speranza in un futuro migliore.&#8221;<\/strong><\/p>\n<p style=\"text-align: justify;\">Nostro primo impegno \u00e8 stato quello di creare cultura. Abbiamo adottato tutti i bambini dei villaggi per assisterli nei loro studi. La nostra attenzione \u00e8 rivolta anche ala rivalutazione del ruolo delle donne. E\u2019 in corso l\u2019organizzazione di una scuola di cucito e i nostri volontari le seguono in un cammino di formazione e ad aver cura della casa e della crescita dei loro bambini. Nei villaggi, unitamente alle suore, svolgiamo anche una attivit\u00e0 sanitaria. In ogni bisogno tutti sanno che possono contare su di noi. Ad una azione di sviluppo sociale si unisce quella della formazione cristiana e catechetica e si cerca di creare una comunit\u00e0 unita e viva, che sappia prendere le sue decisioni e assumersi le proprie responsabilit\u00e0.<\/p>\n<p style=\"text-align: justify;\">L\u2019area della nostra missione, durante il periodo dei monsoni, spesso \u00e8 soggetta ad inondazioni e le capanne, fatte di fango e rami di palma intrecciati, vengono spazzate via e i bambini, con le loro famiglie non sanno dove andare. Noi vogliamo dare loro una casa fatta in muratura. E\u2019 il nostro sogno, perch\u00e8 ognuno si senta pi\u00f9 sicuro e viva il calore della famiglia e i bambini possano crescere senza paura. Il Governo Indiano,una volta iniziati i lavori, offre un sussidio alle famiglie. Esso costituisce solo una piccola parte della spesa totale e molte famiglie non possono usufruirne perch\u00e8 non hanno ne i soldi per iniziare i lavori ne il resto della somma, necessaria alla costruzione della loro casa\u201d. Noi dell\u2019Associazione Padre Gaetano Errico vogliamo aiutarle e bussiamo ai cuori generosi di quanti sentono di voler fare un po\u2019 di bene. Siamo certi che il Signore ci aiuter\u00e0. Questa certezza ci viene dalla convinzione che Dio non abbandona i suoi poveri e che la missione non \u00e8 una vocazione riservata a pochi, ma \u00e8 compito di ogni cristiano, o meglio, di ogni uomo.<\/p>\n<p style=\"text-align: justify;\">Noi sappiamo anche che viviamo un momento di crisi e di insicurezza, ma abbiamo anche la certezza delle parole di Ges\u00f9 che chi avr\u00e0 dato un solo bicchiere d\u2019acqua ad uno solo di questi fratelli pi\u00f9 piccoli l\u2019avr\u00e0 dato a Lui e ne otterr\u00e0 il centuplo.<\/p>\n<p style=\"text-align: justify;\"><strong>Il contributo per la costruzione di una casa \u00e8 di Euro 2.500,00<\/strong><br \/>\n<strong> Sino ad oggi abbiamo provveduto alla costruzione di 18 case.<\/strong><\/p>\n<p style=\"text-align: justify;\">Grazie per tutto quanto farete e che il Signore benedica voi e le vostre famiglie.<\/p>\n<\/div>\n","protected":false},"excerpt":{"rendered":"<p>UNA FAMIGLIA UNA CASA PROGETTO PER LA COSTRUZIONE DI CASA MISSIONE DI KUCHIPUDI &#8211; ANDHRA PRADESH &#8211; INDIA MISSIONARI DEI SACRI CUORI Nel 1992 la Chiesa affid\u00f2 ai Missionari dei Sacri Cuori la Missione di Kuchipudi, una zona dell\u2019Andhra Pradesh, Stato al centro dell\u2019India, costituita da sette villaggi. E\u2019 una zona molto povera, dove manca [&hellip;]<\/p>\n","protected":false},"author":1,"featured_media":0,"parent":0,"menu_order":0,"comment_status":"open","ping_status":"open","template":"","meta":{"ngg_post_thumbnail":0,"footnotes":""},"class_list":["post-202","page","type-page","status-publish","hentry"],"_links":{"self":[{"href":"https:\/\/www.apge.it\/index.php?rest_route=\/wp\/v2\/pages\/202","targetHints":{"allow":["GET"]}}],"collection":[{"href":"https:\/\/www.apge.it\/index.php?rest_route=\/wp\/v2\/pages"}],"about":[{"href":"https:\/\/www.apge.it\/index.php?rest_route=\/wp\/v2\/types\/page"}],"author":[{"embeddable":true,"href":"https:\/\/www.apge.it\/index.php?rest_route=\/wp\/v2\/users\/1"}],"replies":[{"embeddable":true,"href":"https:\/\/www.apge.it\/index.php?rest_route=%2Fwp%2Fv2%2Fcomments&post=202"}],"version-history":[{"count":5,"href":"https:\/\/www.apge.it\/index.php?rest_route=\/wp\/v2\/pages\/202\/revisions"}],"predecessor-version":[{"id":420,"href":"https:\/\/www.apge.it\/index.php?rest_route=\/wp\/v2\/pages\/202\/revisions\/420"}],"wp:attachment":[{"href":"https:\/\/www.apge.it\/index.php?rest_route=%2Fwp%2Fv2%2Fmedia&parent=202"}],"curies":[{"name":"wp","href":"https:\/\/api.w.org\/{rel}","templated":true}]}}