{"id":2,"date":"2015-06-09T09:03:15","date_gmt":"2015-06-09T07:03:15","guid":{"rendered":"http:\/\/sviluppo2.apge.it\/?page_id=2"},"modified":"2021-10-06T12:34:24","modified_gmt":"2021-10-06T10:34:24","slug":"pagina-di-esempio","status":"publish","type":"page","link":"https:\/\/www.apge.it\/","title":{"rendered":"Benvenuto in APGE"},"content":{"rendered":"<h2>UN GESTO DI SOLIDARIET\u00c0 SOCIALE RIEMPIE LA VITA<\/h2>\n<p style=\"font-size: 17px;\">L&#8217;Associazione Padre Gaetano Errico,&nbsp;in collaborazione con i Padri <a href=\"http:\/\/www.msscc.it\/\" target=\"_blank\" rel=\"noopener noreferrer\">Missionari dei Sacri Cuori<\/a>&nbsp;opera per l&#8217;esclusivo raggiungimento di finalit\u00e0 di solidariet\u00e0 sociale, svolgendo quindi tutte le attivit\u00e0 ad esse direttamente connesse.<\/p>\n<p>&nbsp;<br>&nbsp;<\/p>\n\n\n<figure class=\"wp-block-image alignwide size-large is-style-default\"><img loading=\"lazy\" decoding=\"async\" width=\"500\" height=\"375\" src=\"https:\/\/www.apge.it\/wp-content\/uploads\/2015\/07\/1.jpg\" alt=\"\" class=\"wp-image-236\" srcset=\"https:\/\/www.apge.it\/wp-content\/uploads\/2015\/07\/1.jpg 500w, https:\/\/www.apge.it\/wp-content\/uploads\/2015\/07\/1-300x225.jpg 300w\" sizes=\"auto, (max-width: 500px) 100vw, 500px\" \/><\/figure>\n","protected":false},"excerpt":{"rendered":"<p>UN GESTO DI SOLIDARIET\u00c0 SOCIALE RIEMPIE LA VITA L&#8217;Associazione Padre Gaetano Errico,&nbsp;in collaborazione con i Padri Missionari dei Sacri Cuori&nbsp;opera per l&#8217;esclusivo raggiungimento di finalit\u00e0 di solidariet\u00e0 sociale, svolgendo quindi tutte le attivit\u00e0 ad esse direttamente connesse. &nbsp;&nbsp;<\/p>\n","protected":false},"author":1,"featured_media":0,"parent":0,"menu_order":0,"comment_status":"open","ping_status":"closed","template":"","meta":{"ngg_post_thumbnail":0,"footnotes":""},"class_list":["post-2","page","type-page","status-publish","hentry"],"_links":{"self":[{"href":"https:\/\/www.apge.it\/index.php?rest_route=\/wp\/v2\/pages\/2","targetHints":{"allow":["GET"]}}],"collection":[{"href":"https:\/\/www.apge.it\/index.php?rest_route=\/wp\/v2\/pages"}],"about":[{"href":"https:\/\/www.apge.it\/index.php?rest_route=\/wp\/v2\/types\/page"}],"author":[{"embeddable":true,"href":"https:\/\/www.apge.it\/index.php?rest_route=\/wp\/v2\/users\/1"}],"replies":[{"embeddable":true,"href":"https:\/\/www.apge.it\/index.php?rest_route=%2Fwp%2Fv2%2Fcomments&post=2"}],"version-history":[{"count":26,"href":"https:\/\/www.apge.it\/index.php?rest_route=\/wp\/v2\/pages\/2\/revisions"}],"predecessor-version":[{"id":1134,"href":"https:\/\/www.apge.it\/index.php?rest_route=\/wp\/v2\/pages\/2\/revisions\/1134"}],"wp:attachment":[{"href":"https:\/\/www.apge.it\/index.php?rest_route=%2Fwp%2Fv2%2Fmedia&parent=2"}],"curies":[{"name":"wp","href":"https:\/\/api.w.org\/{rel}","templated":true}]}}