{"id":198,"date":"2015-07-30T13:52:26","date_gmt":"2015-07-30T11:52:26","guid":{"rendered":"http:\/\/sviluppo2.apge.it\/?page_id=198"},"modified":"2015-08-06T11:09:28","modified_gmt":"2015-08-06T09:09:28","slug":"progetto-buon-samaritano","status":"publish","type":"page","link":"https:\/\/www.apge.it\/?page_id=198","title":{"rendered":"Progetto buon samaritano"},"content":{"rendered":"<div class=\"pagina\">\n<p style=\"text-align: justify;\">Da Kuchipudi nello Stato dell\u2019Andhra Pradesh (India). I Missionari dei Sacri Cuori ci scrivono:<\/p>\n<p style=\"text-align: justify;\"><strong>La missione \u00e8 formata da sette villaggi.<\/strong><\/p>\n<p style=\"text-align: justify;\">Socialmente la gente proviene dalle caste basse e molti di loro sono agricoltori o pescatori. Economicamente sono molto poveri. C\u2019\u00e8 un grande senso di inferiorit\u00e0 e la povert\u00e0 li costringe a dipendere dalle caste alte, formate da proprietari terrieri che li sfruttano. Dopo uno studio attento ci siamo resi conto della necessit\u00e0 di offrire loro un aiuto e stiamo realizzando dei progetti. Nel corso del nostro studio ci siamo imbattuti in malati di tubercolosi e AIDS. Essi hanno bisogno dell\u2019aiuto alimentare e delle cure mediche e abbiamo pensato di iniziare con loro i nostri progetti di intervento.<\/p>\n<p style=\"text-align: justify;\">Ci sono <strong>17 ammalati di tubercolosi e 15 ammalati di AIDS<\/strong>. Hanno estremo bisogno di medicine e di cibo. Noi vorremmo offrire loro ogni giorno un chilo di riso, un litro di latte, un uovo e le medicine necessarie. <strong>Per ogni ammalato necessitano 45 (quarantacinque) euro al mese. Gli ammalati sono 32. La spesa mensile \u00e8 di euro 1440,00<\/strong><\/p>\n<p style=\"text-align: justify;\">Noi andiamo alla ricerca di buoni samaritani che, con il cuore pieno d\u2019amore, sappiano curare le piaghe dei loro fratelli. Tu puoi essere uno di loro. Tu puoi aiutarci a creare una catena d\u2019amore per questi nostri fratelli che sono nel bisogno.<\/p>\n<p style=\"text-align: justify;\"><strong>&#8220;Non importa quanto tu faccia per loro. L&#8217;importante \u00e8 fare qualcosa.&#8221;<\/strong><\/p>\n<p style=\"text-align: justify;\">Manda la tua offerta sul nostro conto corrente e specifica la motivazione. Noi inizieremo a creare questo fondo e ad aiutare i nostri fratelli.<\/p>\n<p style=\"text-align: justify;\"><strong>Grazie. Il Signore ti aiuti e ti benedica.<\/strong><\/p>\n<\/div>\n","protected":false},"excerpt":{"rendered":"<p>Da Kuchipudi nello Stato dell\u2019Andhra Pradesh (India). I Missionari dei Sacri Cuori ci scrivono: La missione \u00e8 formata da sette villaggi. Socialmente la gente proviene dalle caste basse e molti di loro sono agricoltori o pescatori. Economicamente sono molto poveri. C\u2019\u00e8 un grande senso di inferiorit\u00e0 e la povert\u00e0 li costringe a dipendere dalle caste [&hellip;]<\/p>\n","protected":false},"author":1,"featured_media":0,"parent":0,"menu_order":0,"comment_status":"open","ping_status":"open","template":"","meta":{"ngg_post_thumbnail":0,"footnotes":""},"class_list":["post-198","page","type-page","status-publish","hentry"],"_links":{"self":[{"href":"https:\/\/www.apge.it\/index.php?rest_route=\/wp\/v2\/pages\/198","targetHints":{"allow":["GET"]}}],"collection":[{"href":"https:\/\/www.apge.it\/index.php?rest_route=\/wp\/v2\/pages"}],"about":[{"href":"https:\/\/www.apge.it\/index.php?rest_route=\/wp\/v2\/types\/page"}],"author":[{"embeddable":true,"href":"https:\/\/www.apge.it\/index.php?rest_route=\/wp\/v2\/users\/1"}],"replies":[{"embeddable":true,"href":"https:\/\/www.apge.it\/index.php?rest_route=%2Fwp%2Fv2%2Fcomments&post=198"}],"version-history":[{"count":4,"href":"https:\/\/www.apge.it\/index.php?rest_route=\/wp\/v2\/pages\/198\/revisions"}],"predecessor-version":[{"id":417,"href":"https:\/\/www.apge.it\/index.php?rest_route=\/wp\/v2\/pages\/198\/revisions\/417"}],"wp:attachment":[{"href":"https:\/\/www.apge.it\/index.php?rest_route=%2Fwp%2Fv2%2Fmedia&parent=198"}],"curies":[{"name":"wp","href":"https:\/\/api.w.org\/{rel}","templated":true}]}}